{"id":5,"date":"2013-01-04T13:07:13","date_gmt":"2013-01-04T13:07:13","guid":{"rendered":"http:\/\/www.contenteentretenimento.com.br\/novo2013\/?page_id=5"},"modified":"2013-03-04T15:26:05","modified_gmt":"2013-03-04T15:26:05","slug":"servicos","status":"publish","type":"page","link":"https:\/\/contente.ag\/index.php\/servicos\/","title":{"rendered":"Servi\u00e7os"},"content":{"rendered":"<h2>A CONTENTE \u00c9 UMA CONSTRUTORA DE HIST\u00d3RIAS.<\/h2>\n<p>Mas, como se conectar a uma audi\u00eancia t\u00e3o fragmentada onde a aten\u00e7\u00e3o \u00e9 disputada tela a tela? Os consumidores j\u00e1 n\u00e3o est\u00e3o mais t\u00e3o atentos aos an\u00fancios tradicionais e \u00e1vidos por novas experi\u00eancias. Entreter \u00e9 a chave para se destacar nessa enxurrada de informa\u00e7\u00f5es \u00e0s quais estamos expostos diariamente.<\/p>\n<p><strong>Nosso objetivo \u00e9 criar relacionamentos espont\u00e2neos, duradouros e transparentes entre pessoas e marcas atrav\u00e9s de conte\u00fado atraente e relevante. <\/strong><\/p>\n<p>Desenvolvemos estrat\u00e9gias de conte\u00fado para criar uma experi\u00eancia \u00fanica, utilizando t\u00e9cnicas de marketing tradicional, digital, storytelling e design em uma variedade de plataformas como<strong> TV, r\u00e1dio, web, mobile, redes sociais, eventos e impressos<\/strong>.<\/p>\n<h2>A MISS\u00c3O DA CONTENTE \u00c9 DESAFIAR.<\/h2>\n<p><strong>Desafiar conceitos, ideias, modelos, dogmas e formatos.<\/strong><\/p>\n<p>&nbsp;<\/p>\n<p><a href=\"http:\/\/contente.ag\/novo2013\/index.php\/servicos\/roadmap-contente-site\/\" rel=\"attachment wp-att-495\"><img decoding=\"async\" class=\"size-full wp-image-495 alignnone\" alt=\"Roadmap Contente\" src=\"http:\/\/contente.ag\/novo2013\/wp-content\/uploads\/2013\/01\/Roadmap-Contente-Site.jpg\" width=\"930\" height=\"560\" srcset=\"https:\/\/contente.ag\/wp-content\/uploads\/2013\/01\/Roadmap-Contente-Site.jpg 930w, https:\/\/contente.ag\/wp-content\/uploads\/2013\/01\/Roadmap-Contente-Site-300x180.jpg 300w, https:\/\/contente.ag\/wp-content\/uploads\/2013\/01\/Roadmap-Contente-Site-550x331.jpg 550w\" sizes=\"(max-width: 930px) 100vw, 930px\" \/><\/a><\/p>\n","protected":false},"excerpt":{"rendered":"<p>A CONTENTE \u00c9 UMA CONSTRUTORA DE HIST\u00d3RIAS. Mas, como se conectar a uma audi\u00eancia t\u00e3o fragmentada onde a aten\u00e7\u00e3o \u00e9 [&hellip;]<\/p>\n","protected":false},"author":1,"featured_media":659,"parent":0,"menu_order":0,"comment_status":"closed","ping_status":"closed","template":"template-pageV.php","meta":{"footnotes":""},"_links":{"self":[{"href":"https:\/\/contente.ag\/index.php\/wp-json\/wp\/v2\/pages\/5"}],"collection":[{"href":"https:\/\/contente.ag\/index.php\/wp-json\/wp\/v2\/pages"}],"about":[{"href":"https:\/\/contente.ag\/index.php\/wp-json\/wp\/v2\/types\/page"}],"author":[{"embeddable":true,"href":"https:\/\/contente.ag\/index.php\/wp-json\/wp\/v2\/users\/1"}],"replies":[{"embeddable":true,"href":"https:\/\/contente.ag\/index.php\/wp-json\/wp\/v2\/comments?post=5"}],"version-history":[{"count":61,"href":"https:\/\/contente.ag\/index.php\/wp-json\/wp\/v2\/pages\/5\/revisions"}],"predecessor-version":[{"id":481,"href":"https:\/\/contente.ag\/index.php\/wp-json\/wp\/v2\/pages\/5\/revisions\/481"}],"wp:featuredmedia":[{"embeddable":true,"href":"https:\/\/contente.ag\/index.php\/wp-json\/wp\/v2\/media\/659"}],"wp:attachment":[{"href":"https:\/\/contente.ag\/index.php\/wp-json\/wp\/v2\/media?parent=5"}],"curies":[{"name":"wp","href":"https:\/\/api.w.org\/{rel}","templated":true}]}}