{"id":54649,"date":"2017-06-21T15:55:07","date_gmt":"2017-06-21T15:55:07","guid":{"rendered":"http:\/\/contente.ag\/?page_id=54649"},"modified":"2024-02-23T01:31:31","modified_gmt":"2024-02-23T01:31:31","slug":"manifesto","status":"publish","type":"page","link":"https:\/\/contente.ag\/index.php\/blog\/manifesto\/","title":{"rendered":"Manifesto"},"content":{"rendered":"<div class=\"wpb-content-wrapper\"><p>[vc_row unlock_row_content=&#8221;yes&#8221; row_height_percent=&#8221;50&#8243; override_padding=&#8221;yes&#8221; h_padding=&#8221;0&#8243; top_padding=&#8221;0&#8243; bottom_padding=&#8221;0&#8243; overlay_alpha=&#8221;50&#8243; equal_height=&#8221;yes&#8221; gutter_size=&#8221;0&#8243; column_width_percent=&#8221;100&#8243; shift_y=&#8221;0&#8243; z_index=&#8221;0&#8243;][vc_column column_width_use_pixel=&#8221;yes&#8221; position_vertical=&#8221;middle&#8221; gutter_size=&#8221;2&#8243; override_padding=&#8221;yes&#8221; column_padding=&#8221;4&#8243; overlay_alpha=&#8221;50&#8243; shift_x=&#8221;0&#8243; shift_y=&#8221;0&#8243; shift_y_down=&#8221;0&#8243; z_index=&#8221;0&#8243; medium_width=&#8221;0&#8243; mobile_width=&#8221;0&#8243; width=&#8221;1\/2&#8243; column_width_pixel=&#8221;500&#8243;][vc_custom_heading text_color=&#8221;color-169931&#8243; heading_semantic=&#8221;h3&#8243; text_font=&#8221;font-112737&#8243; text_size=&#8221;h1&#8243; text_weight=&#8221;400&#8243; uncode_shortcode_id=&#8221;178625&#8243; text_color_type=&#8221;uncode-palette&#8221;]Somos especialistas em entreter.[\/vc_custom_heading][vc_column_text text_color=&#8221;color-wvjs&#8221; uncode_shortcode_id=&#8221;106047&#8243; text_color_type=&#8221;uncode-palette&#8221;]O plano \u00e9 colocar em cena a hist\u00f3ria que voc\u00ea tem pra contar. Criamos web s\u00e9ries pra entreter, campanhas pra empolgar e enredos para emocionar. Vamos do conte\u00fado agendado ao criado em tempo real, do texto ao v\u00eddeo.[\/vc_column_text][\/vc_column][vc_column column_width_percent=&#8221;100&#8243; gutter_size=&#8221;3&#8243; font_family=&#8221;font-112737&#8243; back_image=&#8221;130731&#8243; kburns=&#8221;yes&#8221; overlay_color=&#8221;color-111420&#8243; overlay_alpha=&#8221;50&#8243; overlay_color_blend=&#8221;screen&#8221; shift_x=&#8221;0&#8243; shift_y=&#8221;0&#8243; shift_y_down=&#8221;0&#8243; z_index=&#8221;0&#8243; medium_width=&#8221;0&#8243; mobile_width=&#8221;0&#8243; width=&#8221;1\/2&#8243; mobile_height=&#8221;300&#8243; uncode_shortcode_id=&#8221;159173&#8243; overlay_color_type=&#8221;uncode-palette&#8221;][\/vc_column][\/vc_row][vc_row unlock_row_content=&#8221;yes&#8221; row_height_percent=&#8221;50&#8243; override_padding=&#8221;yes&#8221; h_padding=&#8221;0&#8243; top_padding=&#8221;0&#8243; bottom_padding=&#8221;0&#8243; overlay_alpha=&#8221;50&#8243; equal_height=&#8221;yes&#8221; gutter_size=&#8221;0&#8243; column_width_percent=&#8221;100&#8243; shift_y=&#8221;0&#8243; z_index=&#8221;0&#8243; el_class=&#8221;inverted-device-order&#8221;][vc_column column_width_percent=&#8221;100&#8243; gutter_size=&#8221;3&#8243; back_image=&#8221;130743&#8243; kburns=&#8221;yes&#8221; overlay_color=&#8221;color-470604&#8243; overlay_alpha=&#8221;50&#8243; overlay_color_blend=&#8221;screen&#8221; shift_x=&#8221;0&#8243; shift_y=&#8221;0&#8243; shift_y_down=&#8221;0&#8243; z_index=&#8221;0&#8243; medium_width=&#8221;0&#8243; mobile_width=&#8221;0&#8243; width=&#8221;1\/2&#8243; mobile_height=&#8221;300&#8243; el_class=&#8221;inverted-order-device&#8221; uncode_shortcode_id=&#8221;757842&#8243; overlay_color_type=&#8221;uncode-palette&#8221;][\/vc_column][vc_column column_width_use_pixel=&#8221;yes&#8221; position_vertical=&#8221;middle&#8221; gutter_size=&#8221;2&#8243; override_padding=&#8221;yes&#8221; column_padding=&#8221;4&#8243; overlay_alpha=&#8221;50&#8243; shift_x=&#8221;0&#8243; shift_y=&#8221;0&#8243; shift_y_down=&#8221;0&#8243; z_index=&#8221;0&#8243; medium_width=&#8221;0&#8243; mobile_width=&#8221;0&#8243; width=&#8221;1\/2&#8243; column_width_pixel=&#8221;500&#8243;][vc_custom_heading text_color=&#8221;color-149363&#8243; heading_semantic=&#8221;h3&#8243; text_font=&#8221;font-112737&#8243; text_size=&#8221;h1&#8243; text_weight=&#8221;400&#8243; uncode_shortcode_id=&#8221;932567&#8243; text_color_type=&#8221;uncode-palette&#8221;]Somos uma boutique criativa.[\/vc_custom_heading][vc_column_text text_color=&#8221;color-wvjs&#8221; uncode_shortcode_id=&#8221;180114&#8243; text_color_type=&#8221;uncode-palette&#8221;]Cada projeto \u00e9 \u00fanico e n\u00e3o ficamos presos em padr\u00f5es. Gostamos de pesquisar, testar, inventar e reinventar. N\u00e3o fazemos no autom\u00e1tico, n\u00e3o reproduzimos ideias. Criamos o que faz a diferen\u00e7a. Criamos o que surpreende, sem esquecer de gerar resultados.[\/vc_column_text][\/vc_column][\/vc_row][vc_row unlock_row_content=&#8221;yes&#8221; row_height_percent=&#8221;50&#8243; override_padding=&#8221;yes&#8221; h_padding=&#8221;0&#8243; top_padding=&#8221;0&#8243; bottom_padding=&#8221;0&#8243; overlay_alpha=&#8221;50&#8243; equal_height=&#8221;yes&#8221; gutter_size=&#8221;0&#8243; column_width_percent=&#8221;100&#8243; shift_y=&#8221;0&#8243; z_index=&#8221;0&#8243;][vc_column column_width_use_pixel=&#8221;yes&#8221; position_vertical=&#8221;middle&#8221; gutter_size=&#8221;2&#8243; override_padding=&#8221;yes&#8221; column_padding=&#8221;4&#8243; overlay_alpha=&#8221;50&#8243; shift_x=&#8221;0&#8243; shift_y=&#8221;0&#8243; shift_y_down=&#8221;0&#8243; z_index=&#8221;0&#8243; medium_width=&#8221;0&#8243; mobile_width=&#8221;0&#8243; width=&#8221;1\/2&#8243; column_width_pixel=&#8221;500&#8243;][vc_custom_heading text_color=&#8221;color-105898&#8243; heading_semantic=&#8221;h3&#8243; text_font=&#8221;font-112737&#8243; text_size=&#8221;h1&#8243; text_weight=&#8221;400&#8243; uncode_shortcode_id=&#8221;207328&#8243; text_color_type=&#8221;uncode-palette&#8221;]Somos inquietos.<br \/>\nPara n\u00f3s, o \u00f3bvio \u00e9 puro t\u00e9dio.[\/vc_custom_heading][vc_column_text text_color=&#8221;color-wvjs&#8221; uncode_shortcode_id=&#8221;187234&#8243; text_color_type=&#8221;uncode-palette&#8221;]Nosso neg\u00f3cio \u00e9 surpreender. N\u00e3o somos nem um pouco tradicionais na hora de ajudar marcas a contarem suas hist\u00f3rias. Constru\u00edmos a partir de olhares diferentes. Constru\u00edmos a partir de detalhes que pouca gente percebe. Queremos dist\u00e2ncia da mesmice.[\/vc_column_text][\/vc_column][vc_column column_width_percent=&#8221;100&#8243; gutter_size=&#8221;3&#8243; back_image=&#8221;54791&#8243; kburns=&#8221;yes&#8221; overlay_color=&#8221;color-143431&#8243; overlay_alpha=&#8221;50&#8243; overlay_color_blend=&#8221;screen&#8221; shift_x=&#8221;0&#8243; shift_y=&#8221;0&#8243; shift_y_down=&#8221;0&#8243; z_index=&#8221;0&#8243; medium_width=&#8221;0&#8243; mobile_width=&#8221;0&#8243; width=&#8221;1\/2&#8243; mobile_height=&#8221;300&#8243; uncode_shortcode_id=&#8221;189768&#8243; overlay_color_type=&#8221;uncode-palette&#8221;][\/vc_column][\/vc_row][vc_row unlock_row_content=&#8221;yes&#8221; row_height_percent=&#8221;50&#8243; override_padding=&#8221;yes&#8221; h_padding=&#8221;0&#8243; top_padding=&#8221;0&#8243; bottom_padding=&#8221;0&#8243; overlay_alpha=&#8221;50&#8243; equal_height=&#8221;yes&#8221; gutter_size=&#8221;0&#8243; column_width_percent=&#8221;100&#8243; shift_y=&#8221;0&#8243; z_index=&#8221;0&#8243; el_class=&#8221;inverted-device-order&#8221;][vc_column column_width_percent=&#8221;100&#8243; gutter_size=&#8221;3&#8243; back_image=&#8221;54957&#8243; kburns=&#8221;yes&#8221; overlay_color=&#8221;color-588694&#8243; overlay_alpha=&#8221;50&#8243; overlay_color_blend=&#8221;screen&#8221; shift_x=&#8221;0&#8243; shift_y=&#8221;0&#8243; shift_y_down=&#8221;0&#8243; z_index=&#8221;0&#8243; medium_width=&#8221;0&#8243; mobile_width=&#8221;0&#8243; width=&#8221;1\/2&#8243; mobile_height=&#8221;300&#8243; el_class=&#8221;inverted-order-device&#8221; uncode_shortcode_id=&#8221;203038&#8243; overlay_color_type=&#8221;uncode-palette&#8221;][\/vc_column][vc_column column_width_use_pixel=&#8221;yes&#8221; position_vertical=&#8221;middle&#8221; gutter_size=&#8221;2&#8243; override_padding=&#8221;yes&#8221; column_padding=&#8221;4&#8243; overlay_alpha=&#8221;50&#8243; shift_x=&#8221;0&#8243; shift_y=&#8221;0&#8243; shift_y_down=&#8221;0&#8243; z_index=&#8221;0&#8243; medium_width=&#8221;0&#8243; mobile_width=&#8221;0&#8243; width=&#8221;1\/2&#8243; column_width_pixel=&#8221;500&#8243;][vc_custom_heading text_color=&#8221;color-588694&#8243; heading_semantic=&#8221;h3&#8243; text_font=&#8221;font-112737&#8243; text_size=&#8221;h1&#8243; text_weight=&#8221;400&#8243; uncode_shortcode_id=&#8221;116024&#8243; text_color_type=&#8221;uncode-palette&#8221;]Somos cuidadosos.<br \/>\nN\u00e3o criamos no improviso.[\/vc_custom_heading][vc_column_text text_color=&#8221;color-wvjs&#8221; uncode_shortcode_id=&#8221;979617&#8243; text_color_type=&#8221;uncode-palette&#8221;]Na Contente, a gente pesquisa, entrevista, se re\u00fane prum bate-papo, vai \u00e0 campo, planeja, idealiza, faz pausa pro caf\u00e9, cria, veicula, monitora que nem f\u00e3 de s\u00e9rie fazendo maratona. Nos envolvemos em todo o processo e mais quantas v\u00edrgulas precisar pra contar uma boa hist\u00f3ria.[\/vc_column_text][\/vc_column][\/vc_row][vc_row unlock_row_content=&#8221;yes&#8221; row_height_percent=&#8221;50&#8243; override_padding=&#8221;yes&#8221; h_padding=&#8221;0&#8243; top_padding=&#8221;0&#8243; bottom_padding=&#8221;0&#8243; overlay_alpha=&#8221;50&#8243; equal_height=&#8221;yes&#8221; gutter_size=&#8221;0&#8243; column_width_percent=&#8221;100&#8243; shift_y=&#8221;0&#8243; z_index=&#8221;0&#8243;][vc_column column_width_use_pixel=&#8221;yes&#8221; position_vertical=&#8221;middle&#8221; gutter_size=&#8221;2&#8243; override_padding=&#8221;yes&#8221; column_padding=&#8221;4&#8243; overlay_alpha=&#8221;50&#8243; shift_x=&#8221;0&#8243; shift_y=&#8221;0&#8243; shift_y_down=&#8221;0&#8243; z_index=&#8221;0&#8243; medium_width=&#8221;0&#8243; mobile_width=&#8221;0&#8243; width=&#8221;1\/2&#8243; column_width_pixel=&#8221;500&#8243;][vc_custom_heading text_color=&#8221;color-169931&#8243; heading_semantic=&#8221;h3&#8243; text_font=&#8221;font-112737&#8243; text_size=&#8221;h1&#8243; text_weight=&#8221;400&#8243; uncode_shortcode_id=&#8221;203449&#8243; text_color_type=&#8221;uncode-palette&#8221;]Somos plurais.<br \/>Assim, fazemos o que \u00e9 singular.[\/vc_custom_heading][vc_column_text text_color=&#8221;color-wvjs&#8221; uncode_shortcode_id=&#8221;415440&#8243; text_color_type=&#8221;uncode-palette&#8221;]Nosso n\u00facleo tem roteiristas empolgados, fot\u00f3grafos detalhistas, editores sagazes, designers criativos, produtores agitados. Somos profissionais contentes com tudo o que fazemos.[\/vc_column_text][\/vc_column][vc_column column_width_percent=&#8221;100&#8243; gutter_size=&#8221;3&#8243; back_image=&#8221;54725&#8243; kburns=&#8221;yes&#8221; overlay_color=&#8221;color-632047&#8243; overlay_alpha=&#8221;50&#8243; overlay_color_blend=&#8221;screen&#8221; shift_x=&#8221;0&#8243; shift_y=&#8221;0&#8243; shift_y_down=&#8221;0&#8243; z_index=&#8221;0&#8243; medium_width=&#8221;0&#8243; mobile_width=&#8221;0&#8243; width=&#8221;1\/2&#8243; mobile_height=&#8221;300&#8243; uncode_shortcode_id=&#8221;119215&#8243; overlay_color_type=&#8221;uncode-palette&#8221;][\/vc_column][\/vc_row][vc_row unlock_row_content=&#8221;yes&#8221; row_height_percent=&#8221;50&#8243; override_padding=&#8221;yes&#8221; h_padding=&#8221;0&#8243; top_padding=&#8221;0&#8243; bottom_padding=&#8221;0&#8243; overlay_alpha=&#8221;50&#8243; equal_height=&#8221;yes&#8221; gutter_size=&#8221;0&#8243; column_width_percent=&#8221;100&#8243; shift_y=&#8221;0&#8243; z_index=&#8221;0&#8243; el_class=&#8221;inverted-device-order&#8221;][vc_column column_width_percent=&#8221;100&#8243; gutter_size=&#8221;3&#8243; back_image=&#8221;54928&#8243; kburns=&#8221;yes&#8221; overlay_color=&#8221;color-588694&#8243; overlay_alpha=&#8221;50&#8243; overlay_color_blend=&#8221;screen&#8221; shift_x=&#8221;0&#8243; shift_y=&#8221;0&#8243; shift_y_down=&#8221;0&#8243; z_index=&#8221;0&#8243; medium_width=&#8221;0&#8243; mobile_width=&#8221;0&#8243; width=&#8221;1\/2&#8243; mobile_height=&#8221;300&#8243; el_class=&#8221;inverted-order-device&#8221; uncode_shortcode_id=&#8221;182021&#8243; overlay_color_type=&#8221;uncode-palette&#8221;][\/vc_column][vc_column column_width_use_pixel=&#8221;yes&#8221; position_vertical=&#8221;middle&#8221; gutter_size=&#8221;2&#8243; override_padding=&#8221;yes&#8221; column_padding=&#8221;4&#8243; overlay_alpha=&#8221;50&#8243; shift_x=&#8221;0&#8243; shift_y=&#8221;0&#8243; shift_y_down=&#8221;0&#8243; z_index=&#8221;0&#8243; medium_width=&#8221;0&#8243; mobile_width=&#8221;0&#8243; width=&#8221;1\/2&#8243; column_width_pixel=&#8221;500&#8243;][vc_custom_heading text_color=&#8221;color-588694&#8243; heading_semantic=&#8221;h3&#8243; text_font=&#8221;font-112737&#8243; text_size=&#8221;h1&#8243; text_weight=&#8221;400&#8243; uncode_shortcode_id=&#8221;171596&#8243; text_color_type=&#8221;uncode-palette&#8221;]Somos Contente.<br \/>Muito mais que s\u00f3 no nome.[\/vc_custom_heading][vc_column_text text_color=&#8221;color-wvjs&#8221; uncode_shortcode_id=&#8221;256573&#8243; text_color_type=&#8221;uncode-palette&#8221;]Somos especialistas naquilo que amamos. Isso j\u00e1 \u00e9 motivo de sobra pra levar no nome o que se v\u00ea em nossos rostos. E ficamos ainda mais contentes quando conhecemos clientes interessantes e sem medo de plot twists. Ent\u00e3o, fique \u00e0 vontade pra come\u00e7ar uma conversa com a gente.[\/vc_column_text][\/vc_column][\/vc_row][vc_row unlock_row_content=&#8221;yes&#8221; row_height_percent=&#8221;0&#8243; override_padding=&#8221;yes&#8221; h_padding=&#8221;0&#8243; top_padding=&#8221;0&#8243; bottom_padding=&#8221;0&#8243; overlay_alpha=&#8221;100&#8243; gutter_size=&#8221;0&#8243; style=&#8221;inherited&#8221;][\/vc_row][vc_row unlock_row_content=&#8221;yes&#8221; row_height_percent=&#8221;0&#8243; override_padding=&#8221;yes&#8221; h_padding=&#8221;0&#8243; top_padding=&#8221;0&#8243; bottom_padding=&#8221;0&#8243; overlay_alpha=&#8221;50&#8243; equal_height=&#8221;yes&#8221; gutter_size=&#8221;0&#8243; shift_y=&#8221;0&#8243;][\/vc_row]<\/p>\n<\/div>","protected":false},"excerpt":{"rendered":"<p>[vc_row unlock_row_content=&#8221;yes&#8221; row_height_percent=&#8221;50&#8243; override_padding=&#8221;yes&#8221; h_padding=&#8221;0&#8243; top_padding=&#8221;0&#8243; bottom_padding=&#8221;0&#8243; overlay_alpha=&#8221;50&#8243; equal_height=&#8221;yes&#8221; gutter_size=&#8221;0&#8243; column_width_percent=&#8221;100&#8243; shift_y=&#8221;0&#8243; z_index=&#8221;0&#8243;][vc_column column_width_use_pixel=&#8221;yes&#8221; position_vertical=&#8221;middle&#8221; gutter_size=&#8221;2&#8243; override_padding=&#8221;yes&#8221; column_padding=&#8221;4&#8243; overlay_alpha=&#8221;50&#8243; shift_x=&#8221;0&#8243; [&hellip;]<\/p>\n","protected":false},"author":1,"featured_media":0,"parent":36645,"menu_order":0,"comment_status":"closed","ping_status":"closed","template":"","meta":{"footnotes":""},"_links":{"self":[{"href":"https:\/\/contente.ag\/index.php\/wp-json\/wp\/v2\/pages\/54649"}],"collection":[{"href":"https:\/\/contente.ag\/index.php\/wp-json\/wp\/v2\/pages"}],"about":[{"href":"https:\/\/contente.ag\/index.php\/wp-json\/wp\/v2\/types\/page"}],"author":[{"embeddable":true,"href":"https:\/\/contente.ag\/index.php\/wp-json\/wp\/v2\/users\/1"}],"replies":[{"embeddable":true,"href":"https:\/\/contente.ag\/index.php\/wp-json\/wp\/v2\/comments?post=54649"}],"version-history":[{"count":37,"href":"https:\/\/contente.ag\/index.php\/wp-json\/wp\/v2\/pages\/54649\/revisions"}],"predecessor-version":[{"id":130777,"href":"https:\/\/contente.ag\/index.php\/wp-json\/wp\/v2\/pages\/54649\/revisions\/130777"}],"up":[{"embeddable":true,"href":"https:\/\/contente.ag\/index.php\/wp-json\/wp\/v2\/pages\/36645"}],"wp:attachment":[{"href":"https:\/\/contente.ag\/index.php\/wp-json\/wp\/v2\/media?parent=54649"}],"curies":[{"name":"wp","href":"https:\/\/api.w.org\/{rel}","templated":true}]}}